{"id":16,"date":"2017-09-12T14:09:40","date_gmt":"2017-09-12T14:09:40","guid":{"rendered":"https:\/\/www.tarrorific.com?page_id=16"},"modified":"2025-11-11T18:21:22","modified_gmt":"2025-11-11T18:21:22","slug":"tarrorific","status":"publish","type":"page","link":"https:\/\/www.tarrorific.com\/","title":{"rendered":"Tarrorific"},"content":{"rendered":"<div id=\"cs-content\" class=\"cs-content\"><div class=\"x-section e16-e1 mg-0 mg-1 mg-2\"><div class=\"x-bg\" aria-hidden=\"true\"><div class=\"x-bg-layer-lower-color\"><\/div><\/div><div class=\"x-row x-container max width e16-e2 mg-i mg-j mg-k mg-n mg-o\"><div class=\"x-row-inner\"><div class=\"x-col e16-e3 mg-u mg-v mg-w\"><span class=\"x-image e16-e4 mg-10 mg-a mg-b mg-c x-effect-exit\" data-x-effect=\"{&quot;scroll&quot;:true,&quot;offsetTop&quot;:&quot;10%&quot;,&quot;offsetBottom&quot;:&quot;10%&quot;,&quot;behaviorScroll&quot;:&quot;fire-once&quot;,&quot;animationEnter&quot;:&quot;fadeIn&quot;,&quot;animationExit&quot;:&quot;fadeOut&quot;}\"><img decoding=\"async\" src=\"https:\/\/www.tarrorific.com\/wp-content\/uploads\/2024\/05\/tarrorific01.png\" width=\"300\" height=\"445\" alt=\"Image\" loading=\"lazy\"><\/span><div class=\"x-text x-text-headline e16-e5 mg-11 mg-12 mg-c mg-d mg-e mg-f x-effect-exit\" data-x-effect=\"{&quot;scroll&quot;:true,&quot;offsetTop&quot;:&quot;10%&quot;,&quot;offsetBottom&quot;:&quot;10%&quot;,&quot;behaviorScroll&quot;:&quot;fire-once&quot;,&quot;animationEnter&quot;:&quot;fadeIn&quot;,&quot;animationExit&quot;:&quot;fadeOut&quot;}\"><div class=\"x-text-content\"><div class=\"x-text-content-text\"><h2 class=\"x-text-content-text-primary\">Dr\u00e0cula<\/h2>\n<span class=\"x-text-content-text-subheadline\">El vampir de Bram Stoker<\/span><\/div><\/div><\/div><div class=\"x-text x-content e16-e6 mg-14 mg-15 mg-16 mg-17 mg-18 mg-b mg-c mg-f mg-g x-effect-exit\" data-x-effect=\"{&quot;scroll&quot;:true,&quot;offsetTop&quot;:&quot;0%&quot;,&quot;offsetBottom&quot;:&quot;10%&quot;,&quot;behaviorScroll&quot;:&quot;reset&quot;,&quot;animationEnter&quot;:&quot;fadeIn&quot;,&quot;animationExit&quot;:&quot;fadeOut&quot;}\"><p>18 de desembre \/ 19 i 21<\/p>\n<p>Centre Cultural Antic Ajuntament \/ Tarragona<\/p><\/div><\/div><\/div><\/div><\/div><div class=\"x-section x-hide-lg x-hide-md x-hide-sm x-hide-xl x-hide-xs e16-e7 mg-0 mg-3 mg-4 mg-5\" id=\"1\"><div class=\"x-bg\" aria-hidden=\"true\"><div class=\"x-bg-layer-lower-image\" data-x-element-bg-layer=\"{&quot;parallaxSize&quot;:&quot;150%&quot;,&quot;parallaxDir&quot;:&quot;v&quot;,&quot;parallaxRev&quot;:false}\"><\/div><\/div><div class=\"x-row x-container max width x-hide-lg x-hide-md x-hide-sm x-hide-xl x-hide-xs e16-e8 mg-i mg-j mg-k mg-n mg-p\"><div class=\"x-row-inner\"><div class=\"x-col e16-e9 mg-u mg-x mg-y\"><div class=\"x-text x-text-headline e16-e10 mg-11 mg-13\"><div class=\"x-text-content\"><div class=\"x-text-content-text\"><div class=\"x-text-content-text-primary\"><p>Llegendes i Narracions g&ograve;tiques de Tarragona<\/p><\/div>\n<\/div><\/div><\/div><div class=\"x-text x-content e16-e11 mg-14 mg-16 mg-17 mg-18 mg-19 mg-1a mg-1b mg-1c\"><p>Llegendes i narracions g&ograve;tiques per no dormir en una nit plena d&rsquo;hist&ograve;ries sobre crims, fantasmes i espiritisme basades en fets reals de la nostra ciutat, enguany en un indret ben interessant: Casa Castellarnau.<\/p><\/div><div class=\"x-text x-content e16-e12 mg-14 mg-17 mg-18 mg-1b mg-1d mg-1e\"><p>31 Octubre, 1 i 2 de Novembre<\/p>\n<p>21:00 en catal\u00e0 - <strong><span style=\"color: #ff0000;\">ENTRADES EXHAURIDES<\/span><\/strong><\/p>\n<p>i 22:20 en castell\u00e0 - <strong><span style=\"color: #ff0000;\">ENTRADES EXHAURIDES<\/span><\/strong><\/p>\n<p>Punt de Trobada: Portal del Roser<\/p>\n\n<h3>\u20ac 15<\/h3>\n<p><a  class=\"x-btn x-btn-flat x-btn-square x-btn-regular\"  href=\"#4\" title=\"Reserva\"    data-options=\"thumbnail: ''\"><i  class=\"x-icon x-icon-envelope\" data-x-icon-s=\"&#xf0e0;\" aria-hidden=\"true\"><\/i>RESERVA<\/a><\/p><\/div><\/div><\/div><\/div><\/div><div class=\"x-section x-hide-lg x-hide-md x-hide-sm x-hide-xl x-hide-xs e16-e13 mg-0 mg-3 mg-4 mg-6\" id=\"2\"><div class=\"x-bg\" aria-hidden=\"true\"><div class=\"x-bg-layer-lower-image\"><\/div><\/div><div class=\"x-row x-container max width e16-e14 mg-i mg-j mg-l mg-n mg-q\"><div class=\"x-row-inner\"><div class=\"x-col e16-e15 mg-u mg-x mg-y\"><div class=\"x-text x-text-headline e16-e16 mg-11 mg-13\"><div class=\"x-text-content\"><div class=\"x-text-content-text\"><div class=\"x-text-content-text-primary\"><p>Cementiri de Tarragona. De la Guerra del Franc&egrave;s a l&rsquo;actualitat<\/p><\/div>\n<\/div><\/div><\/div><div class=\"x-text x-content e16-e17 mg-14 mg-16 mg-17 mg-18 mg-19 mg-1a mg-1b\"><p>Despr&eacute;s de la guerra del franc&egrave;s, els cementiris de la ciutat van quedar plens i es va decidir la construcci&oacute; d'un de nou als afores de la ciutat. Aquesta necr&ograve;polis compta amb un conjunt notable de sepulcres i l&agrave;pides de valor art&iacute;stic, us convidem a aquest itinerari cultural per con&egrave;ixer millor el cementiri de la ciutat.<\/p><\/div><div class=\"x-text x-content e16-e18 mg-14 mg-17 mg-18 mg-1b mg-1d mg-1f\"><p>Visites cementiri<\/p>\n<p>Diumenge 27 Octubre<br \/><br \/>11:00 en castell&agrave; i 12:00 en catal&agrave;<\/p>\n<p>Punt de trobada: portal del cementiri<\/p>\n<h3>&euro; 10<\/h3>\n<p><br \/><a  class=\"x-btn x-btn-flat x-btn-square x-btn-regular\"  href=\"#4\" title=\"Reserva\"    data-options=\"thumbnail: ''\"><i  class=\"x-icon x-icon-envelope\" data-x-icon-s=\"&#xf0e0;\" aria-hidden=\"true\"><\/i>RESERVA<\/a><\/p><\/div><\/div><\/div><\/div><\/div><div class=\"x-section x-hide-lg x-hide-md x-hide-sm x-hide-xl x-hide-xs e16-e19 mg-0 mg-3 mg-4 mg-7\" id=\"3\"><div class=\"x-bg\" aria-hidden=\"true\"><div class=\"x-bg-layer-lower-image\"><\/div><\/div><div class=\"x-row x-container max width e16-e20 mg-i mg-j mg-l mg-n mg-r\"><div class=\"x-row-inner\"><div class=\"x-col e16-e21 mg-u mg-x mg-y\"><div class=\"x-text x-text-headline e16-e22 mg-11 mg-13\"><div class=\"x-text-content\"><div class=\"x-text-content-text\"><div class=\"x-text-content-text-primary\"><p>De Tarraco al Hades.<\/p><\/div>\n<\/div><\/div><\/div><div class=\"x-text x-content e16-e23 mg-14 mg-16 mg-17 mg-19 mg-1a mg-1b\"><p>Una visita a la Necr&ograve;polis del Francol&iacute; per con&egrave;ixer el viatge a l&rsquo;infram&oacute;n en els temps de Roma i el culte als morts de la Lem&uacute;ria &nbsp;romana.<\/p><\/div><div class=\"x-text x-content e16-e24 mg-14 mg-17 mg-18 mg-1b mg-1d mg-1g\"><p>Divendres 25 Octubre<\/p>\n<p>&nbsp;17:00h en Catal&agrave;<\/p>\n<p>Punt de Trobada: Porta de la Necropolis. Avinguda de Ram&oacute;n y Cajal, 84<\/p>\n<h3>&euro; 10<\/h3>\n<p><br \/><a  class=\"x-btn x-btn-flat x-btn-square x-btn-regular\"  href=\"#4\" title=\"Reserva\"    data-options=\"thumbnail: ''\"><i  class=\"x-icon x-icon-envelope\" data-x-icon-s=\"&#xf0e0;\" aria-hidden=\"true\"><\/i>RESERVA<\/a><\/p><\/div><\/div><\/div><\/div><\/div><div class=\"x-section x-hide-lg x-hide-md x-hide-sm x-hide-xl x-hide-xs e16-e25 mg-0 mg-3 mg-4 mg-8\" id=\"4\"><div class=\"x-bg\" aria-hidden=\"true\"><div class=\"x-bg-layer-lower-image\"><\/div><\/div><div class=\"x-row x-container max width e16-e26 mg-i mg-j mg-l mg-n mg-s\"><div class=\"x-row-inner\"><div class=\"x-col e16-e27 mg-u mg-x mg-y\"><div class=\"x-text x-text-headline e16-e28 mg-11 mg-13\"><div class=\"x-text-content\"><div class=\"x-text-content-text\"><div class=\"x-text-content-text-primary\"><p>LA CATEDRAL I EL SEU FOSSAR<\/p><\/div>\n<\/div><\/div><\/div><div class=\"x-text x-content e16-e29 mg-14 mg-16 mg-17 mg-18 mg-19 mg-1a mg-1b mg-1c\"><p>Una visita per la Seu, els seus sepulcres, l&rsquo;espai del fossar, els temps de la pesta negra, per apropar-nos al m&oacute;n de la mort a l&rsquo;edat mitjana.<\/p><\/div><div class=\"x-text x-content e16-e30 mg-14 mg-17 mg-18 mg-1b mg-1d mg-1e\"><p><br \/>Dissabte 26 Octubre<\/p>\n<p>17:00 en catal&agrave; i 18:00 en castell&agrave;<\/p>\n<p>Punt de Trobada: Porta Catedral, Pla de la Seu.<\/p>\n<h3>&euro; 10<\/h3>\n<p><br \/><a  class=\"x-btn x-btn-flat x-btn-square x-btn-regular\"  href=\"#4\" title=\"Reserva\"    data-options=\"thumbnail: ''\"><i  class=\"x-icon x-icon-envelope\" data-x-icon-s=\"&#xf0e0;\" aria-hidden=\"true\"><\/i>RESERVA<\/a><\/p><\/div><\/div><\/div><\/div><\/div><div class=\"x-section x-hide-lg x-hide-md x-hide-sm x-hide-xl x-hide-xs e16-e31 mg-0 mg-1 mg-4 mg-9\" id=\"5\"><div class=\"x-bg\" aria-hidden=\"true\"><div class=\"x-bg-layer-lower-image\" data-x-element-bg-layer=\"{&quot;parallaxSize&quot;:&quot;150%&quot;,&quot;parallaxDir&quot;:&quot;v&quot;,&quot;parallaxRev&quot;:false}\"><\/div><div class=\"x-bg-layer-upper-color\"><\/div><\/div><div class=\"x-row e16-e32 mg-j mg-l mg-m mg-t mg-c mg-d mg-e mg-f x-effect-exit\" data-x-effect=\"{&quot;scroll&quot;:true,&quot;offsetTop&quot;:&quot;10%&quot;,&quot;offsetBottom&quot;:&quot;10%&quot;,&quot;behaviorScroll&quot;:&quot;reset&quot;,&quot;animationEnter&quot;:&quot;fadeIn&quot;,&quot;animationExit&quot;:&quot;rollOut&quot;}\"><div class=\"x-bg\"><div class=\"x-bg-layer-lower-img\"><img decoding=\"async\" src=\"https:\/\/www.tarrorific.com\/wp-content\/uploads\/2024\/05\/tarrorific01.png\" alt=\"Image\" loading=\"lazy\"\/><\/div><\/div><div class=\"x-row-inner\"><div class=\"x-col e16-e33 mg-u mg-v mg-y mg-z mg-c mg-d mg-f mg-h x-effect-exit\" data-x-effect=\"{&quot;scroll&quot;:true,&quot;offsetTop&quot;:&quot;10%&quot;,&quot;offsetBottom&quot;:&quot;10%&quot;,&quot;behaviorScroll&quot;:&quot;fire-once&quot;,&quot;animationEnter&quot;:&quot;rollIn&quot;,&quot;animationExit&quot;:&quot;rollOut&quot;}\"><div class=\"x-bg\"><div class=\"x-bg-layer-lower-img\" data-x-element-bg-layer=\"{&quot;parallaxSize&quot;:&quot;130%&quot;,&quot;parallaxDir&quot;:&quot;v&quot;,&quot;parallaxRev&quot;:false}\"><img decoding=\"async\" src=\"\" alt=\"Image\"\/><\/div><\/div><div class=\"x-text x-text-headline e16-e34 mg-11 mg-13\"><div class=\"x-text-content\"><div class=\"x-text-content-text\"><div class=\"x-text-content-text-primary\">RESERVES<\/div>\n<\/div><\/div><\/div><div class=\"x-content-area e16-e35 mg-1i\">[contact-form-7 id=\"443\" title=\"Formulari de reserva\"]<\/div><div class=\"x-text x-content e16-e36 mg-14 mg-16 mg-18 mg-19 mg-1b mg-1h\">Tarror\u00edfic \u00e9s un viatge al m\u00f3n de la mort, el terror i la por a trav\u00e9s de la cultura organitzat per <a href=\"https:\/\/www.argostarragona.com\" target=\"_blank\" rel=\"noopener\">Argos Tarragona<\/a>. En la nostra programaci\u00f3 enguany us oferim a m\u00e9s de l'espectacle <a href=\"#1\">Llegendes de Tarragona<\/a>, la visita al <a href=\"#2\">Cementiri de Tarragona<\/a>,\u00a0 la <a href=\"#3\">Necr\u00f2polis Paleocristiana<\/a>, i com a novetat la visita a la <a href=\"#5\">Catedral i el seu fossar.<\/a><\/div><\/div><\/div><\/div><\/div><\/div>\n","protected":false},"excerpt":{"rendered":"<p>Dr\u00e0cula El vampir de Bram Stoker18 de desembre \/ 19 i 21 Centre Cultural Antic Ajuntament \/ TarragonaLlegendes i Narracions g&ograve;tiques de Tarragona Llegendes i narracions g&ograve;tiques per no dormir en una nit plena d&rsquo;hist&ograve;ries sobre crims, fantasmes i espiritisme basades en fets reals de la nostra ciutat, enguany en un indret ben interessant: Casa Castellarnau.31 Octubre, 1 i 2 &#8230;<\/p>\n","protected":false},"author":1,"featured_media":534,"parent":0,"menu_order":0,"comment_status":"closed","ping_status":"closed","template":"template-blank-8.php","meta":{"footnotes":""},"class_list":["post-16","page","type-page","status-publish","has-post-thumbnail","hentry"],"_links":{"self":[{"href":"https:\/\/www.tarrorific.com\/index.php?rest_route=\/wp\/v2\/pages\/16","targetHints":{"allow":["GET"]}}],"collection":[{"href":"https:\/\/www.tarrorific.com\/index.php?rest_route=\/wp\/v2\/pages"}],"about":[{"href":"https:\/\/www.tarrorific.com\/index.php?rest_route=\/wp\/v2\/types\/page"}],"author":[{"embeddable":true,"href":"https:\/\/www.tarrorific.com\/index.php?rest_route=\/wp\/v2\/users\/1"}],"replies":[{"embeddable":true,"href":"https:\/\/www.tarrorific.com\/index.php?rest_route=%2Fwp%2Fv2%2Fcomments&post=16"}],"version-history":[{"count":0,"href":"https:\/\/www.tarrorific.com\/index.php?rest_route=\/wp\/v2\/pages\/16\/revisions"}],"wp:featuredmedia":[{"embeddable":true,"href":"https:\/\/www.tarrorific.com\/index.php?rest_route=\/wp\/v2\/media\/534"}],"wp:attachment":[{"href":"https:\/\/www.tarrorific.com\/index.php?rest_route=%2Fwp%2Fv2%2Fmedia&parent=16"}],"curies":[{"name":"wp","href":"https:\/\/api.w.org\/{rel}","templated":true}]}}